{"id":16086,"date":"2025-06-14T23:24:59","date_gmt":"2025-06-14T21:24:59","guid":{"rendered":"https:\/\/askania-schipkau.de\/?page_id=16086"},"modified":"2025-06-14T23:25:35","modified_gmt":"2025-06-14T21:25:35","slug":"dokumente-fussball","status":"publish","type":"page","link":"https:\/\/askania-schipkau.de\/?page_id=16086","title":{"rendered":"Dokumente Fu\u00dfball"},"content":{"rendered":"<p><a href=\"http:\/\/askania-schipkau.de\/wp-content\/uploads\/2025\/06\/Askania-Zusatzerklaerung-fuer-unter-13jaehrige-Veroeffentlichung-Spielerfoto-und-Daten1.pdf\">Askania Zusatzerkl\u00e4rung f\u00fcr unter 13jaehrige Ver\u00f6ffentlichung Spielerfoto und Daten<\/a><\/p>\n<p><a href=\"http:\/\/askania-schipkau.de\/wp-content\/uploads\/2025\/06\/Antrag-Mitgliedschaft-Askania-Fussball.pdf\">Antrag Mitgliedschaft Askania Fu\u00dfball<\/a><\/p>\n","protected":false},"excerpt":{"rendered":"<p>Askania Zusatzerkl\u00e4rung f\u00fcr unter 13jaehrige Ver\u00f6ffentlichung Spielerfoto und Daten Antrag Mitgliedschaft Askania Fu\u00dfball<\/p>\n","protected":false},"author":2,"featured_media":0,"parent":0,"menu_order":0,"comment_status":"closed","ping_status":"closed","template":"","meta":{"footnotes":""},"class_list":["post-16086","page","type-page","status-publish","hentry"],"_links":{"self":[{"href":"https:\/\/askania-schipkau.de\/index.php?rest_route=\/wp\/v2\/pages\/16086","targetHints":{"allow":["GET"]}}],"collection":[{"href":"https:\/\/askania-schipkau.de\/index.php?rest_route=\/wp\/v2\/pages"}],"about":[{"href":"https:\/\/askania-schipkau.de\/index.php?rest_route=\/wp\/v2\/types\/page"}],"author":[{"embeddable":true,"href":"https:\/\/askania-schipkau.de\/index.php?rest_route=\/wp\/v2\/users\/2"}],"replies":[{"embeddable":true,"href":"https:\/\/askania-schipkau.de\/index.php?rest_route=%2Fwp%2Fv2%2Fcomments&post=16086"}],"version-history":[{"count":3,"href":"https:\/\/askania-schipkau.de\/index.php?rest_route=\/wp\/v2\/pages\/16086\/revisions"}],"predecessor-version":[{"id":16089,"href":"https:\/\/askania-schipkau.de\/index.php?rest_route=\/wp\/v2\/pages\/16086\/revisions\/16089"}],"wp:attachment":[{"href":"https:\/\/askania-schipkau.de\/index.php?rest_route=%2Fwp%2Fv2%2Fmedia&parent=16086"}],"curies":[{"name":"wp","href":"https:\/\/api.w.org\/{rel}","templated":true}]}}