{"id":6994,"date":"2020-09-16T15:50:23","date_gmt":"2020-09-16T13:50:23","guid":{"rendered":"http:\/\/askania-schipkau.de\/?page_id=6994"},"modified":"2020-09-19T18:15:23","modified_gmt":"2020-09-19T16:15:23","slug":"gymnastik","status":"publish","type":"page","link":"http:\/\/askania-schipkau.de\/?page_id=6994","title":{"rendered":"Gymnastik"},"content":{"rendered":"<p><img decoding=\"async\" class=\"alignright wp-image-6191\" src=\"http:\/\/askania-schipkau.de\/wp-content\/uploads\/2020\/03\/askaniawappen.jpg\" alt=\"\" width=\"190\" height=\"236\" srcset=\"http:\/\/askania-schipkau.de\/wp-content\/uploads\/2020\/03\/askaniawappen.jpg 255w, http:\/\/askania-schipkau.de\/wp-content\/uploads\/2020\/03\/askaniawappen-241x300.jpg 241w, http:\/\/askania-schipkau.de\/wp-content\/uploads\/2020\/03\/askaniawappen-103x128.jpg 103w, http:\/\/askania-schipkau.de\/wp-content\/uploads\/2020\/03\/askaniawappen-26x32.jpg 26w\" sizes=\"(max-width: 190px) 100vw, 190px\" \/><\/p>\n<p>&nbsp;<\/p>\n<p>&nbsp;<\/p>\n<p>&nbsp;<\/p>\n<p>&nbsp;<\/p>\n<p><span style=\"font-size: 34pt;\"><strong><span style=\"color: #ff0000;\">Askania Schipkau<\/span><\/strong><\/span><\/p>\n<p style=\"text-align: center;\"><span style=\"color: #00ccff; font-family: comic sans ms, sans-serif; font-size: 24pt;\"><strong>Frauengymnastikgruppe<\/strong><\/span><\/p>\n<p><span style=\"font-family: comic sans ms, sans-serif; font-size: 14pt;\">Seit \u00fcber 30 Jahre besteht unsere Gymnastikgruppe. Die Mitgliederzahl schwankt zwischen 24 und 28 Mitgliedern.<\/span><br \/>\n<span style=\"font-family: comic sans ms, sans-serif; font-size: 14pt;\">Jeden Dienstag ab 19Uhr kann sich jede Frau bei uns sportlich bet\u00e4tigen.<\/span><br \/>\n<span style=\"font-family: comic sans ms, sans-serif; font-size: 14pt;\">Wir haben ausgebildete \u00dcbungsleiterinnen, die es verstehen, dass wir t\u00fcchtig au\u00dfer Atem kommen.<\/span><br \/>\n<a href=\"http:\/\/askania-schipkau.de\/wp-content\/uploads\/2020\/09\/Frauengymnastikgruppe.jpg\" target=\"_blank\" rel=\"noopener noreferrer\"><img fetchpriority=\"high\" decoding=\"async\" class=\"alignleft wp-image-7015 size-medium\" src=\"http:\/\/askania-schipkau.de\/wp-content\/uploads\/2020\/09\/Frauengymnastikgruppe-300x253.jpg\" alt=\"\" width=\"300\" height=\"253\" srcset=\"http:\/\/askania-schipkau.de\/wp-content\/uploads\/2020\/09\/Frauengymnastikgruppe-300x253.jpg 300w, http:\/\/askania-schipkau.de\/wp-content\/uploads\/2020\/09\/Frauengymnastikgruppe-128x108.jpg 128w, http:\/\/askania-schipkau.de\/wp-content\/uploads\/2020\/09\/Frauengymnastikgruppe-32x27.jpg 32w, http:\/\/askania-schipkau.de\/wp-content\/uploads\/2020\/09\/Frauengymnastikgruppe.jpg 611w\" sizes=\"(max-width: 300px) 100vw, 300px\" \/><\/a><span style=\"font-family: comic sans ms, sans-serif; font-size: 14pt;\">Nicht nur Gymnastik gibt es bei uns. Wir haben ein aktives Gruppenleben. Fasching, Radtouren, Weihnachtsfeiern sind H\u00f6hepunkte und f\u00f6rdern die Zusammengeh\u00f6rigkeit.<\/span><br \/>\n<span style=\"font-family: comic sans ms, sans-serif; font-size: 14pt;\">An Dorffesten und wenn der Schipkauer Chor singt, sind wir mit unserem selbst gebackenen Kuchen vor Ort.<\/span><br \/>\n<span style=\"font-family: comic sans ms, sans-serif; font-size: 14pt;\">Es lohnt sich bei uns mitzumachen. Wir freuen uns \u00fcber jedes neue Mitglied.<\/span><\/p>\n<p>&nbsp;<\/p>\n<p style=\"text-align: center;\"><span style=\"font-family: comic sans ms, sans-serif; font-size: 14pt;\">Ansprechpartner: Frau Anita Witte Tel.: 035754 90851<\/span><\/p>\n<p style=\"text-align: center;\"><span style=\"font-size: 14pt; font-family: comic sans ms, sans-serif;\">\u201eSport frei\u201c<\/span><\/p>\n","protected":false},"excerpt":{"rendered":"<p>&nbsp; &nbsp; &nbsp; &nbsp; Askania Schipkau Frauengymnastikgruppe Seit \u00fcber 30 Jahre besteht unsere Gymnastikgruppe. Die Mitgliederzahl schwankt zwischen 24 und 28 Mitgliedern. Jeden Dienstag ab 19Uhr kann sich jede Frau bei uns sportlich bet\u00e4tigen. Wir haben ausgebildete \u00dcbungsleiterinnen, die es verstehen, dass wir t\u00fcchtig au\u00dfer Atem kommen. Nicht nur Gymnastik gibt es bei uns. Wir [&hellip;]<\/p>\n","protected":false},"author":2,"featured_media":0,"parent":72,"menu_order":0,"comment_status":"closed","ping_status":"closed","template":"","meta":{"footnotes":""},"class_list":["post-6994","page","type-page","status-publish","hentry"],"_links":{"self":[{"href":"http:\/\/askania-schipkau.de\/index.php?rest_route=\/wp\/v2\/pages\/6994","targetHints":{"allow":["GET"]}}],"collection":[{"href":"http:\/\/askania-schipkau.de\/index.php?rest_route=\/wp\/v2\/pages"}],"about":[{"href":"http:\/\/askania-schipkau.de\/index.php?rest_route=\/wp\/v2\/types\/page"}],"author":[{"embeddable":true,"href":"http:\/\/askania-schipkau.de\/index.php?rest_route=\/wp\/v2\/users\/2"}],"replies":[{"embeddable":true,"href":"http:\/\/askania-schipkau.de\/index.php?rest_route=%2Fwp%2Fv2%2Fcomments&post=6994"}],"version-history":[{"count":4,"href":"http:\/\/askania-schipkau.de\/index.php?rest_route=\/wp\/v2\/pages\/6994\/revisions"}],"predecessor-version":[{"id":7019,"href":"http:\/\/askania-schipkau.de\/index.php?rest_route=\/wp\/v2\/pages\/6994\/revisions\/7019"}],"up":[{"embeddable":true,"href":"http:\/\/askania-schipkau.de\/index.php?rest_route=\/wp\/v2\/pages\/72"}],"wp:attachment":[{"href":"http:\/\/askania-schipkau.de\/index.php?rest_route=%2Fwp%2Fv2%2Fmedia&parent=6994"}],"curies":[{"name":"wp","href":"https:\/\/api.w.org\/{rel}","templated":true}]}}