{"id":353,"date":"2018-02-15T13:53:03","date_gmt":"2018-02-15T12:53:03","guid":{"rendered":"https:\/\/test673726128.000webhostapp.com\/?page_id=353"},"modified":"2018-02-15T13:53:03","modified_gmt":"2018-02-15T12:53:03","slug":"impressum","status":"publish","type":"page","link":"http:\/\/askania-schipkau.de\/?page_id=353","title":{"rendered":"Impressum"},"content":{"rendered":"<table data-minrequestedwidth=\"1106\" data-computedwidth=\"1106\">\n<tbody>\n<tr>\n<td class=\"imVc\">\n<div><b>Haftungsausschluss<\/b><\/div>\n<\/td>\n<td class=\"imVc\"><\/td>\n<\/tr>\n<tr>\n<td class=\"imVc\" colspan=\"2\">\n<div><\/div>\n<div><\/div>\n<div><b>1. Inhalt des Onlineangebotes<\/b><\/div>\n<div><b>\u00a0<\/b><\/div>\n<div>Der Webseitenbetreiber \u00fcbernimmt keinerlei Gew\u00e4hr f\u00fcr die Aktualit\u00e4t, Korrektheit, Vollst\u00e4ndigkeit oder Qualit\u00e4t der bereitgestellten Informationen. Haftungsanspr\u00fcche gegen den Webseitenbetreiber, welche sich auf Sch\u00e4den materieller oder ideeller Art beziehen, die durch die Nutzung oder Nichtnutzung der dargebotenen Informationen bzw. durch die Nutzung fehlerhafter und unvollst\u00e4ndiger Informationen verursacht wurden, sind grunds\u00e4tzlich ausgeschlossen, sofern seitens des Webseitenbetreiber kein nachweislich vors\u00e4tzliches oder grob fahrl\u00e4ssiges Verschulden vorliegt. Alle Angebote sind freibleibend und unverbindlich. Der Webseitenbetreiber beh\u00e4lt es sich ausdr\u00fccklich vor, Teile der Seiten oder einzelne Angebote oder das gesamte Angebot ohne gesonderte Ank\u00fcndigung zu ver\u00e4ndern, zu erg\u00e4nzen, zu l\u00f6schen oder die Ver\u00f6ffentlichung zeitweise oder endg\u00fcltig einzustellen.<\/div>\n<div><\/div>\n<div>\n<hr \/>\n<\/div>\n<div><b>2. Verweise und Links<\/b><\/div>\n<div><b>\u00a0<\/b><\/div>\n<div>Bei direkten oder indirekten Verweisen auf fremde Internetseiten (&#8222;Links&#8220;), die au\u00dferhalb des Verantwortungsbereiches des Webseitenbetreiber liegen, w\u00fcrde eine Haftungsverpflichtung ausschlie\u00dflich in dem Fall in Kraft treten, in dem der Webseitenbetreiber von den Inhalten Kenntnis hat und es ihm technisch m\u00f6glich und zumutbar w\u00e4re, die Nutzung im Falle rechtswidriger Inhalte zu verhindern. Der Webseitenbetreiber erkl\u00e4rt hiermit ausdr\u00fccklich, dass zum Zeitpunkt der Linksetzung keine illegalen Inhalte auf den zu verlinkenden Seiten erkennbar waren. Auf die aktuelle und zuk\u00fcnftige Gestaltung, die Inhalte oder die Urheberschaft der gelinkten\/verkn\u00fcpften Seiten hat der Webseitenbetreiber keinerlei Einfluss. Deshalb distanziert er sich hiermit ausdr\u00fccklich von allen Inhalten aller gelinkten\/verkn\u00fcpften Seiten, die nach der Linksetzung ver\u00e4ndert wurden. Diese Feststellung gilt f\u00fcr alle innerhalb des eigenen Internetangebotes gesetzten Links und Verweise sowie f\u00fcr Fremdeintr\u00e4ge in vom Webseitenbetreiber eingerichteten Firmenlisten, G\u00e4steb\u00fcchern, Diskussionsforen und Mailinglisten. Die Meinung von verlinkten Seiten kann, muss aber nicht unsere Meinung darstellen, selbst dann nicht, wenn diese allen Gesetzen und Vorschriften gen\u00fcge tun und in keiner Form zu beanstanden sind. F\u00fcr illegale, fehlerhafte oder unvollst\u00e4ndige Inhalte und insbesondere f\u00fcr Sch\u00e4den, die aus der Nutzung oder Nichtnutzung solcherart dargebotener Informationen entstehen, haftet allein der Anbieter der Seite, auf welche verwiesen wurde, nicht derjenige, der \u00fcber Links auf die jeweilige Ver\u00f6ffentlichung lediglich verweist.<\/div>\n<div><\/div>\n<div>\n<hr \/>\n<\/div>\n<div><b>3. Urheber- und Kennzeichenrecht<\/b><\/div>\n<div><b>\u00a0<\/b><\/div>\n<div>Der Webseitenbetreiber ist bestrebt, in allen Publikationen die Urheberrechte der verwendeten Grafiken, Tondokumente, Videosequenzen und Texte zu beachten, von ihm selbst erstellte Grafiken, Tondokumente, Videosequenzen und Texte zu nutzen oder auf lizenzfreie Grafiken, Tondokumente, Videosequenzen und Texte zur\u00fcckzugreifen. Alle innerhalb des Internetangebotes genannten und ggf. durch Dritte gesch\u00fctzten Marken- und Warenzeichen unterliegen uneingeschr\u00e4nkt den Bestimmungen des jeweils g\u00fcltigen Kennzeichenrechts und den Besitzrechten der jeweiligen eingetragenen Eigent\u00fcmer. Allein aufgrund der blo\u00dfen Nennung ist nicht der Schluss zu ziehen, dass Markenzeichen nicht durch Rechte Dritter gesch\u00fctzt sind! Das Copyright f\u00fcr ver\u00f6ffentlichte, vom Webseitenbetreiber selbst erstellte Objekte bleibt allein beim Webseitenbetreiber der Seiten. Eine Vervielf\u00e4ltigung oder Verwendung solcher Grafiken, Tondokumente, Videosequenzen und Texte in anderen elektronischen oder gedruckten Publikationen ist ohne ausdr\u00fcckliche Zustimmung des Webseitenbetreiber nicht gestattet.<\/div>\n<div><\/div>\n<div>\n<hr \/>\n<\/div>\n<div><b>4. Datenschutz<\/b><\/div>\n<div><b>\u00a0<\/b><\/div>\n<div>Sofern innerhalb des Internetangebotes die M\u00f6glichkeit zur Eingabe pers\u00f6nlicher oder gesch\u00e4ftlicher Daten (Emailadressen, Namen, Anschriften) besteht, so erfolgt die Preisgabe dieser Daten seitens des Nutzers auf ausdr\u00fccklich freiwilliger Basis. Die Inanspruchnahme und Bezahlung aller angebotenen Dienste ist &#8211; soweit technisch m\u00f6glich, gesetzlich erlaubt und zumutbar &#8211; auch ohne Angabe solcher Daten bzw. unter Angabe anonymisierter Daten oder eines Pseudonyms gestattet. Siehe hierzu auch die Hinweise zur Nutzung des Onlinekontakts.<\/div>\n<div><\/div>\n<div>\n<hr \/>\n<\/div>\n<div><b>5. Rechtswirksamkeit dieses Haftungsausschlusses<\/b><\/div>\n<div><b>\u00a0<\/b><\/div>\n<div>Dieser Haftungsausschluss ist als Teil des Internetangebotes zu betrachten, von dem aus auf diesen Text verwiesen wurde. Sollten Teile oder einzelne Formulierungen dieses Textes der geltenden Rechtslage nicht, nicht mehr oder nicht vollst\u00e4ndig entsprechen, bleiben die \u00fcbrigen Teile des Dokumentes in ihrem Inhalt und ihrer G\u00fcltigkeit davon unber\u00fchrt.<\/div>\n<\/td>\n<\/tr>\n<\/tbody>\n<\/table>\n","protected":false},"excerpt":{"rendered":"<p>Haftungsausschluss 1. Inhalt des Onlineangebotes \u00a0 Der Webseitenbetreiber \u00fcbernimmt keinerlei Gew\u00e4hr f\u00fcr die Aktualit\u00e4t, Korrektheit, Vollst\u00e4ndigkeit oder Qualit\u00e4t der bereitgestellten Informationen. Haftungsanspr\u00fcche gegen den Webseitenbetreiber, welche sich auf Sch\u00e4den materieller oder ideeller Art beziehen, die durch die Nutzung oder Nichtnutzung der dargebotenen Informationen bzw. durch die Nutzung fehlerhafter und unvollst\u00e4ndiger Informationen verursacht wurden, sind grunds\u00e4tzlich [&hellip;]<\/p>\n","protected":false},"author":1,"featured_media":0,"parent":0,"menu_order":0,"comment_status":"closed","ping_status":"closed","template":"","meta":{"footnotes":""},"class_list":["post-353","page","type-page","status-publish","hentry"],"_links":{"self":[{"href":"http:\/\/askania-schipkau.de\/index.php?rest_route=\/wp\/v2\/pages\/353","targetHints":{"allow":["GET"]}}],"collection":[{"href":"http:\/\/askania-schipkau.de\/index.php?rest_route=\/wp\/v2\/pages"}],"about":[{"href":"http:\/\/askania-schipkau.de\/index.php?rest_route=\/wp\/v2\/types\/page"}],"author":[{"embeddable":true,"href":"http:\/\/askania-schipkau.de\/index.php?rest_route=\/wp\/v2\/users\/1"}],"replies":[{"embeddable":true,"href":"http:\/\/askania-schipkau.de\/index.php?rest_route=%2Fwp%2Fv2%2Fcomments&post=353"}],"version-history":[{"count":0,"href":"http:\/\/askania-schipkau.de\/index.php?rest_route=\/wp\/v2\/pages\/353\/revisions"}],"wp:attachment":[{"href":"http:\/\/askania-schipkau.de\/index.php?rest_route=%2Fwp%2Fv2%2Fmedia&parent=353"}],"curies":[{"name":"wp","href":"https:\/\/api.w.org\/{rel}","templated":true}]}}